{"id":910,"date":"2025-08-28T15:06:09","date_gmt":"2025-08-28T15:06:09","guid":{"rendered":"https:\/\/elizabeth.rs\/about-us\/"},"modified":"2025-11-14T15:50:30","modified_gmt":"2025-11-14T15:50:30","slug":"about-us","status":"publish","type":"page","link":"https:\/\/elizabeth.rs\/en\/about-us\/","title":{"rendered":"About us"},"content":{"rendered":"\t\t<div data-elementor-type=\"wp-page\" data-elementor-id=\"910\" class=\"elementor elementor-910 elementor-106\" data-elementor-post-type=\"page\">\n\t\t\t\t\t\t<section class=\"elementor-section elementor-top-section elementor-element elementor-element-4d4c0702 elementor-section-height-min-height elementor-section-boxed elementor-section-height-default elementor-section-items-middle\" data-id=\"4d4c0702\" data-element_type=\"section\" data-settings=\"{&quot;background_background&quot;:&quot;classic&quot;}\">\n\t\t\t\t\t\t\t<div class=\"elementor-background-overlay\"><\/div>\n\t\t\t\t\t\t\t<div class=\"elementor-container elementor-column-gap-no\">\n\t\t\t\t\t<div class=\"elementor-column elementor-col-100 elementor-top-column elementor-element elementor-element-33c59aec\" data-id=\"33c59aec\" data-element_type=\"column\">\n\t\t\t<div class=\"elementor-widget-wrap elementor-element-populated\">\n\t\t\t\t\t\t<div class=\"elementor-element elementor-element-67524497 elementor-invisible elementor-widget elementor-widget-heading\" data-id=\"67524497\" data-element_type=\"widget\" data-settings=\"{&quot;_animation&quot;:&quot;fadeInUp&quot;}\" data-widget_type=\"heading.default\">\n\t\t\t\t\t<h1 class=\"elementor-heading-title elementor-size-default\">About us<\/h1>\t\t\t\t<\/div>\n\t\t\t\t\t<\/div>\n\t\t<\/div>\n\t\t\t\t\t<\/div>\n\t\t<\/section>\n\t\t\t\t<section class=\"elementor-section elementor-top-section elementor-element elementor-element-17021d2d elementor-section-height-min-height elementor-reverse-tablet elementor-reverse-mobile elementor-section-boxed elementor-section-height-default elementor-section-items-middle\" data-id=\"17021d2d\" data-element_type=\"section\" data-settings=\"{&quot;background_background&quot;:&quot;classic&quot;}\">\n\t\t\t\t\t\t\t<div class=\"elementor-background-overlay\"><\/div>\n\t\t\t\t\t\t\t<div class=\"elementor-container elementor-column-gap-no\">\n\t\t\t\t\t<div class=\"elementor-column elementor-col-33 elementor-top-column elementor-element elementor-element-5cc700f1\" data-id=\"5cc700f1\" data-element_type=\"column\">\n\t\t\t<div class=\"elementor-widget-wrap elementor-element-populated\">\n\t\t\t\t\t\t<div class=\"elementor-element elementor-element-4be63597 elementor-invisible elementor-widget elementor-widget-heading\" data-id=\"4be63597\" data-element_type=\"widget\" data-settings=\"{&quot;_animation&quot;:&quot;fadeIn&quot;,&quot;_animation_delay&quot;:200}\" data-widget_type=\"heading.default\">\n\t\t\t\t\t<h3 class=\"elementor-heading-title elementor-size-default\">ELIZABETH<\/h3>\t\t\t\t<\/div>\n\t\t\t\t<div class=\"elementor-element elementor-element-4673a623 elementor-invisible elementor-widget elementor-widget-heading\" data-id=\"4673a623\" data-element_type=\"widget\" data-settings=\"{&quot;_animation&quot;:&quot;fadeIn&quot;,&quot;_animation_delay&quot;:200}\" data-widget_type=\"heading.default\">\n\t\t\t\t\t<h2 class=\"elementor-heading-title elementor-size-default\">Welcome to Elizabeth \u2013 place of taste, elegance and unforgettable moments.<\/h2>\t\t\t\t<\/div>\n\t\t\t\t<div class=\"elementor-element elementor-element-7455cf9f elementor-invisible elementor-widget elementor-widget-text-editor\" data-id=\"7455cf9f\" data-element_type=\"widget\" data-settings=\"{&quot;_animation&quot;:&quot;fadeInUp&quot;,&quot;_animation_delay&quot;:400}\" data-widget_type=\"text-editor.default\">\n\t\t\t\t\t\t\t\t\t<p dir=\"auto\">In the heart of Old Belgrade, within the carefully renovated Hotel Bristol, the restaurant Elizabeth brings a combination of refined taste, sophisticated interior and memorable ambience.<\/p><p dir=\"auto\"> <\/p>\t\t\t\t\t\t\t\t<\/div>\n\t\t\t\t\t<\/div>\n\t\t<\/div>\n\t\t\t\t<div class=\"elementor-column elementor-col-33 elementor-top-column elementor-element elementor-element-21932cbc elementor-hidden-tablet elementor-hidden-phone\" data-id=\"21932cbc\" data-element_type=\"column\">\n\t\t\t<div class=\"elementor-widget-wrap\">\n\t\t\t\t\t\t\t<\/div>\n\t\t<\/div>\n\t\t\t\t<div class=\"elementor-column elementor-col-33 elementor-top-column elementor-element elementor-element-1b831ef8\" data-id=\"1b831ef8\" data-element_type=\"column\">\n\t\t\t<div class=\"elementor-widget-wrap elementor-element-populated\">\n\t\t\t\t\t\t<div class=\"elementor-element elementor-element-4ec5fc46 elementor-invisible elementor-widget elementor-widget-image\" data-id=\"4ec5fc46\" data-element_type=\"widget\" data-settings=\"{&quot;_animation&quot;:&quot;fadeInUp&quot;,&quot;_animation_delay&quot;:200}\" data-widget_type=\"image.default\">\n\t\t\t\t\t\t\t\t\t\t\t\t\t\t\t<img decoding=\"async\" src=\"https:\/\/elizabeth.rs\/wp-content\/uploads\/elementor\/thumbs\/elizabeth17-rayq2ka4ger4rq9sad4fhvzz29dem90rvjf4urlcg0.jpg\" title=\"elizabeth17\" alt=\"elizabeth17\" loading=\"lazy\" \/>\t\t\t\t\t\t\t\t\t\t\t\t\t\t\t<\/div>\n\t\t\t\t<div class=\"elementor-element elementor-element-279a88c8 elementor-absolute elementor-hidden-tablet elementor-hidden-phone elementor-invisible elementor-widget elementor-widget-image\" data-id=\"279a88c8\" data-element_type=\"widget\" data-settings=\"{&quot;_position&quot;:&quot;absolute&quot;,&quot;_animation&quot;:&quot;fadeInUp&quot;,&quot;_animation_delay&quot;:400}\" data-widget_type=\"image.default\">\n\t\t\t\t\t\t\t\t\t\t\t\t\t\t\t<img fetchpriority=\"high\" decoding=\"async\" width=\"1875\" height=\"2500\" src=\"https:\/\/elizabeth.rs\/wp-content\/uploads\/2025\/08\/elizabeth48.jpg\" class=\"attachment-full size-full wp-image-906\" alt=\"\" srcset=\"https:\/\/elizabeth.rs\/wp-content\/uploads\/2025\/08\/elizabeth48.jpg 1875w, https:\/\/elizabeth.rs\/wp-content\/uploads\/2025\/08\/elizabeth48-225x300.jpg 225w, https:\/\/elizabeth.rs\/wp-content\/uploads\/2025\/08\/elizabeth48-768x1024.jpg 768w, https:\/\/elizabeth.rs\/wp-content\/uploads\/2025\/08\/elizabeth48-1152x1536.jpg 1152w, https:\/\/elizabeth.rs\/wp-content\/uploads\/2025\/08\/elizabeth48-1536x2048.jpg 1536w\" sizes=\"(max-width: 1875px) 100vw, 1875px\" \/>\t\t\t\t\t\t\t\t\t\t\t\t\t\t\t<\/div>\n\t\t\t\t\t<\/div>\n\t\t<\/div>\n\t\t\t\t\t<\/div>\n\t\t<\/section>\n\t\t<div class=\"elementor-element elementor-element-a265e9a e-flex e-con-boxed e-con e-parent\" data-id=\"a265e9a\" data-element_type=\"container\" data-settings=\"{&quot;background_background&quot;:&quot;classic&quot;}\">\n\t\t\t\t\t<div class=\"e-con-inner\">\n\t\t\t\t<div class=\"elementor-element elementor-element-d5f3006 elementor-widget elementor-widget-text-editor\" data-id=\"d5f3006\" data-element_type=\"widget\" data-widget_type=\"text-editor.default\">\n\t\t\t\t\t\t\t\t\t<p dir=\"auto\">Hotel Bristol, the jewel of Art Nouveau architecture from 1912 was one of the first luxury hotels in Belgrade and served as a symbol of a mundane life of the then capital. During its rich history, it hosted diplomats, artists, merchants and military officials, and for decades it was recognized as a place where culture, politics and the business world would meet. After careful restoration, this pearl of architecture is now a part of the Belgrade Waterfront complex, but it still retains the spirit of the past as well as the tradition of cosmopolitan Belgrade.   <\/p><p>Our location in authentic neighbourhood of Savamala further emphasizes the uniqueness of Elizabeth. Once a commercial and cultural centre, Savamala was the center of Belgrade\u2019s social life in the 19 th and early 20 th centuries \u2013 full of hotels, cafes, galleries and warehouses that pulsated with life on the banks of the Sava River. Today, this historic part of the city is once again becoming the epicentre of the capital, combining Old Belgrade soul with modern rhythm and architecture.    <\/p><p dir=\"auto\">Restaurant Elizabeth therefore stands at the crossroads of epochs \u2013 connecting the elegancy of the past century with the modern luxury \u2013 making every visit an experience to remember.<\/p>\t\t\t\t\t\t\t\t<\/div>\n\t\t\t\t\t<\/div>\n\t\t\t\t<\/div>\n\t\t\t\t<section class=\"elementor-section elementor-top-section elementor-element elementor-element-40c31cb0 elementor-section-boxed elementor-section-height-default elementor-section-height-default\" data-id=\"40c31cb0\" data-element_type=\"section\" data-settings=\"{&quot;background_background&quot;:&quot;classic&quot;}\">\n\t\t\t\t\t\t<div class=\"elementor-container elementor-column-gap-no\">\n\t\t\t\t\t<div class=\"elementor-column elementor-col-33 elementor-top-column elementor-element elementor-element-45548646\" data-id=\"45548646\" data-element_type=\"column\">\n\t\t\t<div class=\"elementor-widget-wrap elementor-element-populated\">\n\t\t\t\t\t\t<div class=\"elementor-element elementor-element-7d914722 elementor-widget elementor-widget-image\" data-id=\"7d914722\" data-element_type=\"widget\" data-widget_type=\"image.default\">\n\t\t\t\t\t\t\t\t\t\t\t\t\t\t\t<img decoding=\"async\" src=\"https:\/\/elizabeth.rs\/wp-content\/uploads\/elementor\/thumbs\/elizabeth33-rayq274f0kzuhexrtw9g1qnumo1agkup92e07f15rk.jpg\" title=\"elizabeth33\" alt=\"elizabeth33\" loading=\"lazy\" \/>\t\t\t\t\t\t\t\t\t\t\t\t\t\t\t<\/div>\n\t\t\t\t\t<\/div>\n\t\t<\/div>\n\t\t\t\t<div class=\"elementor-column elementor-col-33 elementor-top-column elementor-element elementor-element-9163aa1 elementor-hidden-tablet\" data-id=\"9163aa1\" data-element_type=\"column\">\n\t\t\t<div class=\"elementor-widget-wrap\">\n\t\t\t\t\t\t\t<\/div>\n\t\t<\/div>\n\t\t\t\t<div class=\"elementor-column elementor-col-33 elementor-top-column elementor-element elementor-element-70fb9dd6\" data-id=\"70fb9dd6\" data-element_type=\"column\">\n\t\t\t<div class=\"elementor-widget-wrap elementor-element-populated\">\n\t\t\t\t\t\t<div class=\"elementor-element elementor-element-2de42b8e elementor-invisible elementor-widget elementor-widget-heading\" data-id=\"2de42b8e\" data-element_type=\"widget\" data-settings=\"{&quot;_animation&quot;:&quot;fadeIn&quot;,&quot;_animation_delay&quot;:200}\" data-widget_type=\"heading.default\">\n\t\t\t\t\t<h3 class=\"elementor-heading-title elementor-size-default\">EXPERIENCE<\/h3>\t\t\t\t<\/div>\n\t\t\t\t<div class=\"elementor-element elementor-element-cd533e elementor-invisible elementor-widget elementor-widget-heading\" data-id=\"cd533e\" data-element_type=\"widget\" data-settings=\"{&quot;_animation&quot;:&quot;fadeIn&quot;,&quot;_animation_delay&quot;:200}\" data-widget_type=\"heading.default\">\n\t\t\t\t\t<h2 class=\"elementor-heading-title elementor-size-default\">Elizabeth Signature Bar by Bruno Vanzan<\/h2>\t\t\t\t<\/div>\n\t\t\t\t<div class=\"elementor-element elementor-element-59456f3d elementor-invisible elementor-widget elementor-widget-text-editor\" data-id=\"59456f3d\" data-element_type=\"widget\" data-settings=\"{&quot;_animation&quot;:&quot;fadeInUp&quot;,&quot;_animation_delay&quot;:400}\" data-widget_type=\"text-editor.default\">\n\t\t\t\t\t\t\t\t\t<p dir=\"auto\">Exclusive cocktails in Elizabeth carry a stamp of the world-renowned mixology elite \u2013 Bruno Vanzan, multiple world champion in flairtending and mixology. His renowned consulting agency BV Holding designed the complete set-up of our bar, while Mr Vanzan himself, together with his assistant Adrian, personally imparted knowledge and philosophy to our team or bartenders and cocktail masters during a two-month training. The result is a bar that stands side by side with the world\u2019s most prestigious addresses.  <\/p>\t\t\t\t\t\t\t\t<\/div>\n\t\t\t\t\t<\/div>\n\t\t<\/div>\n\t\t\t\t\t<\/div>\n\t\t<\/section>\n\t\t<div class=\"elementor-element elementor-element-513fa6a e-flex e-con-boxed e-con e-parent\" data-id=\"513fa6a\" data-element_type=\"container\" data-settings=\"{&quot;background_background&quot;:&quot;classic&quot;}\">\n\t\t\t\t\t<div class=\"e-con-inner\">\n\t\t\t\t<div class=\"elementor-element elementor-element-65950b9 elementor-invisible elementor-widget elementor-widget-text-editor\" data-id=\"65950b9\" data-element_type=\"widget\" data-settings=\"{&quot;_animation&quot;:&quot;fadeInUp&quot;,&quot;_animation_delay&quot;:400}\" data-widget_type=\"text-editor.default\">\n\t\t\t\t\t\t\t\t\t<p>Our Spirits collection numbers more than 100 carefully selected labels, covering the most<br>prominent names from all world regions. The offer includes: <\/p><ul><li><p>The best Scottish single malt whiskeys, including the pride of Elizabeth \u2013 the only official Macallan bar in Serbia, with all available bottles of Macallan on the Balkan<\/p><\/li><li><p>exclusive world-class bourbons,<\/p><\/li><li><p>carefully selected whiskeys from India,<\/p><\/li><li><p>authentic and rare Azul Tequilas,<\/p><\/li><li><p dir=\"auto\">over 20 types of Gin and Brandy, among which Drumshanbo Gunpowder Irish Gin \u2013 Bruno Vanzan Edition stands out<\/p><\/li><\/ul><p dir=\"auto\">Elizabeth offers 12 signature cocktails, each of which is conceived as a special emotion in a glass. In addition to them, our team brings the classics to perfections, and guests can always order a cocktail of their choice \u2013 whether it\u2019s something they liked from out list or a drink they\u2019ve tried anywhere in the world. Cocktail stations are designed according to Bruno\u2019s standards, with cold stations and programmes for sweet, hot and sour cocktails.  <\/p><p dir=\"auto\">A special pride of Elizabeth is out Bar Lab \u2013 a creative workshop in which we produce our own liquors, syrups, edible garnishes and infusions. The most specific among them is the infusion from the sacred Palo Santo tree, from which we make syrup with an authentic smell and a unique character. At Bar Lab, the details that accompany each cocktail are also created \u2013 from personalized seals on the ice, to edible chocolate and banana leaf garnishes.  <\/p><p dir=\"auto\">Our philosophy is clear: each cocktail has a carefully selected glass, unique garnish and specific type of ice. With this approach, expertise and readiness of the Elizabeth bar is positioned at the world level and lays the foundation for the goal we set for ourselves \u2013 to enter the prestigious list of Top 50 bars in the world. <\/p>\t\t\t\t\t\t\t\t<\/div>\n\t\t\t\t\t<\/div>\n\t\t\t\t<\/div>\n\t\t\t\t<section class=\"elementor-section elementor-top-section elementor-element elementor-element-477b076 elementor-section-boxed elementor-section-height-default elementor-section-height-default\" data-id=\"477b076\" data-element_type=\"section\" data-settings=\"{&quot;background_background&quot;:&quot;classic&quot;}\">\n\t\t\t\t\t\t<div class=\"elementor-container elementor-column-gap-no\">\n\t\t\t\t\t<div class=\"elementor-column elementor-col-33 elementor-top-column elementor-element elementor-element-1a17b53\" data-id=\"1a17b53\" data-element_type=\"column\">\n\t\t\t<div class=\"elementor-widget-wrap elementor-element-populated\">\n\t\t\t\t\t\t<div class=\"elementor-element elementor-element-5ea225c elementor-invisible elementor-widget elementor-widget-heading\" data-id=\"5ea225c\" data-element_type=\"widget\" data-settings=\"{&quot;_animation&quot;:&quot;fadeIn&quot;,&quot;_animation_delay&quot;:200}\" data-widget_type=\"heading.default\">\n\t\t\t\t\t<h3 class=\"elementor-heading-title elementor-size-default\">About Bruno Vanzan<\/h3>\t\t\t\t<\/div>\n\t\t\t\t<div class=\"elementor-element elementor-element-68d20d2 elementor-invisible elementor-widget elementor-widget-text-editor\" data-id=\"68d20d2\" data-element_type=\"widget\" data-settings=\"{&quot;_animation&quot;:&quot;fadeInUp&quot;,&quot;_animation_delay&quot;:400}\" data-widget_type=\"text-editor.default\">\n\t\t\t\t\t\t\t\t\t<p>Bruno Vanzan is the name which is synonymous with innovation and perfection in the world of cocktails. He was born in Italy, and he quickly became one of the most famous bartenders today thanks to his charisma, technical perfection and ability to transform the cocktail into an artistic experience. He has won over 60 international awards, including the title of World Flairtending Champion in 2015, and his style of mixology combines precision, creativity and performance. Author of several books on mixology, lecturer and consultant for prestigious bars around the world, his Gin and BV Holding set the standards for the bars of the future.    <\/p>\t\t\t\t\t\t\t\t<\/div>\n\t\t\t\t\t<\/div>\n\t\t<\/div>\n\t\t\t\t<div class=\"elementor-column elementor-col-33 elementor-top-column elementor-element elementor-element-eb0efbd elementor-hidden-tablet\" data-id=\"eb0efbd\" data-element_type=\"column\">\n\t\t\t<div class=\"elementor-widget-wrap\">\n\t\t\t\t\t\t\t<\/div>\n\t\t<\/div>\n\t\t\t\t<div class=\"elementor-column elementor-col-33 elementor-top-column elementor-element elementor-element-6817237\" data-id=\"6817237\" data-element_type=\"column\">\n\t\t\t<div class=\"elementor-widget-wrap elementor-element-populated\">\n\t\t\t\t\t\t<div class=\"elementor-element elementor-element-6c27868 elementor-widget elementor-widget-image\" data-id=\"6c27868\" data-element_type=\"widget\" data-widget_type=\"image.default\">\n\t\t\t\t\t\t\t\t\t\t\t\t\t\t\t<img decoding=\"async\" src=\"https:\/\/elizabeth.rs\/wp-content\/uploads\/elementor\/thumbs\/elizabeth1-rayq1kkagk4yqrujhmiedwcsdf4hbud55yqcorylww.jpg\" title=\"elizabeth1\" alt=\"elizabeth1\" loading=\"lazy\" \/>\t\t\t\t\t\t\t\t\t\t\t\t\t\t\t<\/div>\n\t\t\t\t\t<\/div>\n\t\t<\/div>\n\t\t\t\t\t<\/div>\n\t\t<\/section>\n\t\t\t\t<section class=\"elementor-section elementor-top-section elementor-element elementor-element-69e9da0 elementor-section-height-min-height elementor-section-boxed elementor-section-height-default elementor-section-items-middle\" data-id=\"69e9da0\" data-element_type=\"section\" data-settings=\"{&quot;background_background&quot;:&quot;classic&quot;}\">\n\t\t\t\t\t\t\t<div class=\"elementor-background-overlay\"><\/div>\n\t\t\t\t\t\t\t<div class=\"elementor-container elementor-column-gap-default\">\n\t\t\t\t\t<div class=\"elementor-column elementor-col-100 elementor-top-column elementor-element elementor-element-77f634ca\" data-id=\"77f634ca\" data-element_type=\"column\">\n\t\t\t<div class=\"elementor-widget-wrap elementor-element-populated\">\n\t\t\t\t\t\t<div class=\"elementor-element elementor-element-296a975d elementor-invisible elementor-widget elementor-widget-heading\" data-id=\"296a975d\" data-element_type=\"widget\" data-settings=\"{&quot;_animation&quot;:&quot;fadeInUp&quot;}\" data-widget_type=\"heading.default\">\n\t\t\t\t\t<h2 class=\"elementor-heading-title elementor-size-default\">Kitchen \u2013 Bistro fine dining with signatures of the Masters<\/h2>\t\t\t\t<\/div>\n\t\t\t\t<div class=\"elementor-element elementor-element-61ce0384 elementor-invisible elementor-widget elementor-widget-text-editor\" data-id=\"61ce0384\" data-element_type=\"widget\" data-settings=\"{&quot;_animation&quot;:&quot;fadeInUp&quot;,&quot;_animation_delay&quot;:200}\" data-widget_type=\"text-editor.default\">\n\t\t\t\t\t\t\t\t\t<p>Here in Elizabeth we believe that the kitchen is the heart of every restaurant. This is why we have gathered the team of exceptional professionals who with their vision, experience and passion have laid the foundation of our culinary identity. Each of them brings a piece of themselves to our plates \u2013 from technique and knowledge, to emotions and warmth.  <\/p>\t\t\t\t\t\t\t\t<\/div>\n\t\t<div class=\"elementor-element elementor-element-2c5fe30 e-grid e-con-boxed e-con e-parent\" data-id=\"2c5fe30\" data-element_type=\"container\">\n\t\t\t\t\t<div class=\"e-con-inner\">\n\t\t\t\t<div class=\"elementor-element elementor-element-4bbbc15 elementor-widget elementor-widget-image-box\" data-id=\"4bbbc15\" data-element_type=\"widget\" data-widget_type=\"image-box.default\">\n\t\t\t\t\t<div class=\"elementor-image-box-wrapper\"><div class=\"elementor-image-box-content\"><h3 class=\"elementor-image-box-title\">Milo\u0161 Savi\u0107 i Milo\u0161 Jankovi\u0107<\/h3><p class=\"elementor-image-box-description\">Our head chefs Milo\u0161 and Milo\u0161, bring to the kitchen the energy of young masters who have gained experience in prestigious restaurants across Europe. Their philosophy is simple \u2013 food must shine. By combining traditional recipes with modern techniques, they create dishes that are both familiar and completely new.  <\/p><\/div><\/div>\t\t\t\t<\/div>\n\t\t\t\t<div class=\"elementor-element elementor-element-8f2ba5f elementor-widget elementor-widget-image-box\" data-id=\"8f2ba5f\" data-element_type=\"widget\" data-widget_type=\"image-box.default\">\n\t\t\t\t\t<div class=\"elementor-image-box-wrapper\"><div class=\"elementor-image-box-content\"><h3 class=\"elementor-image-box-title\">Georgianna Hiliadaki and consulting team<\/h3><p class=\"elementor-image-box-description\">Greek chef with two Michelin stars, Georgianna Hiliadaki, is known for her sophisticated yet warm approach to food. Her cuisine combines the Mediterranean and the world, and in Elizabeth she has transferred part of her philosophy: simplicity, elegance and focus on sensory experience. With her team, she helped lay the foundations of our culinary direction.  <\/p><\/div><\/div>\t\t\t\t<\/div>\n\t\t\t\t<div class=\"elementor-element elementor-element-a99b964 elementor-widget elementor-widget-image-box\" data-id=\"a99b964\" data-element_type=\"widget\" data-widget_type=\"image-box.default\">\n\t\t\t\t\t<div class=\"elementor-image-box-wrapper\"><div class=\"elementor-image-box-content\"><h3 class=\"elementor-image-box-title\">Christophe <br>Devoille<\/h3><p class=\"elementor-image-box-description\">French pastry chef, Christophe Devoille, is in charge for the most delicate part of our menu \u2013 Desserts. With many years of experience in high-end pastry shops, his signature is creations that look like art and at the same time carry the warmth of French tradition. Every dessert is a story in itself \u2013 from the first smell to the last bite.  <\/p><\/div><\/div>\t\t\t\t<\/div>\n\t\t\t\t\t<\/div>\n\t\t\t\t<\/div>\n\t\t\t\t\t<\/div>\n\t\t<\/div>\n\t\t\t\t\t<\/div>\n\t\t<\/section>\n\t\t\t\t<\/div>\n\t\t","protected":false},"excerpt":{"rendered":"<p>About us ELIZABETH Welcome to Elizabeth \u2013 place of taste, elegance and unforgettable moments. In the heart of Old Belgrade, [&hellip;]<\/p>\n","protected":false},"author":1,"featured_media":901,"parent":0,"menu_order":0,"comment_status":"closed","ping_status":"closed","template":"elementor_header_footer","meta":{"site-sidebar-layout":"no-sidebar","site-content-layout":"","ast-site-content-layout":"full-width-container","site-content-style":"default","site-sidebar-style":"default","ast-global-header-display":"","ast-banner-title-visibility":"","ast-main-header-display":"","ast-hfb-above-header-display":"","ast-hfb-below-header-display":"","ast-hfb-mobile-header-display":"","site-post-title":"","ast-breadcrumbs-content":"","ast-featured-img":"disabled","footer-sml-layout":"","ast-disable-related-posts":"","theme-transparent-header-meta":"default","adv-header-id-meta":"","stick-header-meta":"","header-above-stick-meta":"","header-main-stick-meta":"","header-below-stick-meta":"","astra-migrate-meta-layouts":"default","ast-page-background-enabled":"default","ast-page-background-meta":{"desktop":{"background-color":"var(--ast-global-color-5)","background-image":"","background-repeat":"repeat","background-position":"center center","background-size":"auto","background-attachment":"scroll","background-type":"","background-media":"","overlay-type":"","overlay-color":"","overlay-opacity":"","overlay-gradient":""},"tablet":{"background-color":"","background-image":"","background-repeat":"repeat","background-position":"center center","background-size":"auto","background-attachment":"scroll","background-type":"","background-media":"","overlay-type":"","overlay-color":"","overlay-opacity":"","overlay-gradient":""},"mobile":{"background-color":"","background-image":"","background-repeat":"repeat","background-position":"center center","background-size":"auto","background-attachment":"scroll","background-type":"","background-media":"","overlay-type":"","overlay-color":"","overlay-opacity":"","overlay-gradient":""}},"ast-content-background-meta":{"desktop":{"background-color":"var(--ast-global-color-4)","background-image":"","background-repeat":"repeat","background-position":"center center","background-size":"auto","background-attachment":"scroll","background-type":"","background-media":"","overlay-type":"","overlay-color":"","overlay-opacity":"","overlay-gradient":""},"tablet":{"background-color":"var(--ast-global-color-4)","background-image":"","background-repeat":"repeat","background-position":"center center","background-size":"auto","background-attachment":"scroll","background-type":"","background-media":"","overlay-type":"","overlay-color":"","overlay-opacity":"","overlay-gradient":""},"mobile":{"background-color":"var(--ast-global-color-4)","background-image":"","background-repeat":"repeat","background-position":"center center","background-size":"auto","background-attachment":"scroll","background-type":"","background-media":"","overlay-type":"","overlay-color":"","overlay-opacity":"","overlay-gradient":""}},"footnotes":""},"class_list":["post-910","page","type-page","status-publish","has-post-thumbnail","hentry"],"_links":{"self":[{"href":"https:\/\/elizabeth.rs\/en\/wp-json\/wp\/v2\/pages\/910","targetHints":{"allow":["GET"]}}],"collection":[{"href":"https:\/\/elizabeth.rs\/en\/wp-json\/wp\/v2\/pages"}],"about":[{"href":"https:\/\/elizabeth.rs\/en\/wp-json\/wp\/v2\/types\/page"}],"author":[{"embeddable":true,"href":"https:\/\/elizabeth.rs\/en\/wp-json\/wp\/v2\/users\/1"}],"replies":[{"embeddable":true,"href":"https:\/\/elizabeth.rs\/en\/wp-json\/wp\/v2\/comments?post=910"}],"version-history":[{"count":1,"href":"https:\/\/elizabeth.rs\/en\/wp-json\/wp\/v2\/pages\/910\/revisions"}],"predecessor-version":[{"id":911,"href":"https:\/\/elizabeth.rs\/en\/wp-json\/wp\/v2\/pages\/910\/revisions\/911"}],"wp:featuredmedia":[{"embeddable":true,"href":"https:\/\/elizabeth.rs\/en\/wp-json\/wp\/v2\/media\/901"}],"wp:attachment":[{"href":"https:\/\/elizabeth.rs\/en\/wp-json\/wp\/v2\/media?parent=910"}],"curies":[{"name":"wp","href":"https:\/\/api.w.org\/{rel}","templated":true}]}}